{"id":76,"date":"2020-09-24T13:58:30","date_gmt":"2020-09-24T13:58:30","guid":{"rendered":"https:\/\/bslthemes.com\/arter-demo\/?page_id=76"},"modified":"2020-09-24T13:58:30","modified_gmt":"2020-09-24T13:58:30","slug":"contact","status":"publish","type":"page","link":"http:\/\/www.mehmetgeyik.com\/index.php\/contact\/","title":{"rendered":"Contact"},"content":{"rendered":"\t\t<div data-elementor-type=\"wp-page\" data-elementor-id=\"76\" class=\"elementor elementor-76\">\n\t\t\t\t\t\t<section class=\"elementor-section elementor-top-section elementor-element elementor-element-6dfdb6d elementor-section-full_width elementor-section-height-default elementor-section-height-default\" data-id=\"6dfdb6d\" data-element_type=\"section\">\n\t\t\t\t\t\t<div class=\"elementor-container elementor-column-gap-no\">\n\t\t\t\t\t<div class=\"elementor-column elementor-col-100 elementor-top-column elementor-element elementor-element-3dad790\" data-id=\"3dad790\" data-element_type=\"column\">\n\t\t\t<div class=\"elementor-widget-wrap elementor-element-populated\">\n\t\t\t\t\t\t<div class=\"elementor-element elementor-element-d40b6fc elementor-widget elementor-widget-arter-contact-info\" data-id=\"d40b6fc\" data-element_type=\"widget\" data-widget_type=\"arter-contact-info.default\">\n\t\t\t\t<div class=\"elementor-widget-container\">\n\t\t\t\t\t\n\t\t<!-- container -->\n\t\t<div class=\"container-fluid\">\n\n\t\t<!-- row -->\n\t\t<div class=\"row\">\n\n\t\t  \t\t  <!-- col -->\n\t\t  <div class=\"col-lg-12\">\n\n\t\t    <!-- section title -->\n\t\t    <div class=\"art-section-title\">\n\t\t      <!-- title frame -->\n\t\t      <div class=\"art-title-frame\">\n\t\t        <!-- title -->\n\t\t        <h4 class=\"art-title-h\">\n\t\t    \t<span >\n\t\t          \tContact information\t\t         <\/span>\n\t\t    \t<\/h4>\n\t\t      <\/div>\n\t\t      <!-- title frame end -->\n\t\t    <\/div>\n\t\t    <!-- section title end -->\n\n\t\t  <\/div>\n\t\t  <!-- col end -->\n\t\t  \n\t\t  \t\t  \t\t  <!-- col -->\n\t\t  <div class=\"col-lg-4\">\n\t\t    <!-- contact card -->\n\t\t    <div class=\"art-a art-card\">\n\t\t      <div class=\"art-table p-15-15\">\n\t\t        <div >\n\t        \t\t<ul><li><strong>Country:<\/strong> Canada<\/li><li><strong>City:<\/strong> Toronto<\/li><li><strong>Streat:<\/strong> 20 Dellbank Rd<\/li><\/ul>\t        \t<\/div>\n\t\t      <\/div>\n\t\t    <\/div>\n\t\t    <!-- contact card end -->\n\t\t  <\/div>\n\t\t  <!-- col end -->\n\t\t  \t\t  <!-- col -->\n\t\t  <div class=\"col-lg-4\">\n\t\t    <!-- contact card -->\n\t\t    <div class=\"art-a art-card\">\n\t\t      <div class=\"art-table p-15-15\">\n\t\t        <div >\n\t        \t\t<ul><li><strong>Email:<\/strong> carter.inbox@mail.com<\/li><li><strong>Telegram:<\/strong> @arter<\/li><li><strong>Skype:<\/strong> Arter<\/li><\/ul>\t        \t<\/div>\n\t\t      <\/div>\n\t\t    <\/div>\n\t\t    <!-- contact card end -->\n\t\t  <\/div>\n\t\t  <!-- col end -->\n\t\t  \t\t  <!-- col -->\n\t\t  <div class=\"col-lg-4\">\n\t\t    <!-- contact card -->\n\t\t    <div class=\"art-a art-card\">\n\t\t      <div class=\"art-table p-15-15\">\n\t\t        <div >\n\t        \t\t<ul><li><strong>Support service:<\/strong> +78 (098) 333 11 22<\/li><li><strong>Office:<\/strong> +78 (098) 326 11 22<\/li><li><strong>Personal:<\/strong> +78 (077) 114 26 53<\/li><\/ul>\t        \t<\/div>\n\t\t      <\/div>\n\t\t    <\/div>\n\t\t    <!-- contact card end -->\n\t\t  <\/div>\n\t\t  <!-- col end -->\n\t\t  \t\t  \n\t\t  <\/div>\n\t\t  <!-- row end -->\n\n\t\t<\/div>\n\t\t<!-- container end -->\n\n\t\t\t\t\t\t<\/div>\n\t\t\t\t<\/div>\n\t\t\t\t\t<\/div>\n\t\t<\/div>\n\t\t\t\t\t<\/div>\n\t\t<\/section>\n\t\t\t\t<section class=\"elementor-section elementor-top-section elementor-element elementor-element-409d73f elementor-section-full_width elementor-section-height-default elementor-section-height-default\" data-id=\"409d73f\" data-element_type=\"section\">\n\t\t\t\t\t\t<div class=\"elementor-container elementor-column-gap-no\">\n\t\t\t\t\t<div class=\"elementor-column elementor-col-100 elementor-top-column elementor-element elementor-element-a6352f3\" data-id=\"a6352f3\" data-element_type=\"column\">\n\t\t\t<div class=\"elementor-widget-wrap elementor-element-populated\">\n\t\t\t\t\t\t<div class=\"elementor-element elementor-element-01b88fc elementor-widget elementor-widget-arter-contact-form\" data-id=\"01b88fc\" data-element_type=\"widget\" data-widget_type=\"arter-contact-form.default\">\n\t\t\t\t<div class=\"elementor-widget-container\">\n\t\t\t\t\t\n\t\t<!-- container -->\n\t\t<div class=\"container-fluid\">\n\n\t\t<!-- row -->\n\t\t<div class=\"row\">\n\n\t\t  \t\t  <!-- col -->\n\t\t  <div class=\"col-lg-12\">\n\n\t\t    <!-- section title -->\n\t\t    <div class=\"art-section-title\">\n\t\t      <!-- title frame -->\n\t\t      <div class=\"art-title-frame\">\n\t\t        <!-- title -->\n\t\t        <h4 class=\"art-title-h\">\n\t\t    \t<span >\n\t\t          \tGet in touch\t\t         <\/span>\n\t\t    \t<\/h4>\n\t\t      <\/div>\n\t\t      <!-- title frame end -->\n\t\t    <\/div>\n\t\t    <!-- section title end -->\n\n\t\t  <\/div>\n\t\t  <!-- col end -->\n\t\t  \n\t\t  \t\t  <!-- col -->\n\t\t  <div class=\"col-lg-12\">\n\n\t\t  <!-- contact form frame -->\n\t\t  <div class=\"art-a art-card\">\n\t\t\t  <p class=\"wpcf7-contact-form-not-found\"><strong>Hata:<\/strong> \u0130leti\u015fim formu bulunamad\u0131.<\/p>\t\t  <\/div>\n\t\t  <!-- contact form frame end -->\n\n\t\t  <\/div>\n\t\t  <!-- col end -->\n\t\t  \t\t\t\t\n\t\t<\/div>\n\t\t  <!-- row end -->\n\n\t\t<\/div>\n\t\t<!-- container end -->\t\t\t\n\n\t\t\t\t\t\t<\/div>\n\t\t\t\t<\/div>\n\t\t\t\t\t<\/div>\n\t\t<\/div>\n\t\t\t\t\t<\/div>\n\t\t<\/section>\n\t\t\t\t<\/div>\n\t\t","protected":false},"excerpt":{"rendered":"<p>Contact information Country: Canada City: Toronto Streat: 20 Dellbank Rd Email: carter.inbox@mail.com Telegram: @arter Skype: Arter Support service: +78 (098)&#8230; <\/p>\n<div class=\"art-el-more\"><a href=\"http:\/\/www.mehmetgeyik.com\/index.php\/contact\/\" class=\"art-link art-color-link art-w-chevron\">Read more<\/a><\/div>\n","protected":false},"author":2,"featured_media":0,"parent":0,"menu_order":0,"comment_status":"closed","ping_status":"closed","template":"template-layout-builder.php","meta":{"footnotes":""},"class_list":["post-76","page","type-page","status-publish","hentry"],"_links":{"self":[{"href":"http:\/\/www.mehmetgeyik.com\/index.php\/wp-json\/wp\/v2\/pages\/76","targetHints":{"allow":["GET"]}}],"collection":[{"href":"http:\/\/www.mehmetgeyik.com\/index.php\/wp-json\/wp\/v2\/pages"}],"about":[{"href":"http:\/\/www.mehmetgeyik.com\/index.php\/wp-json\/wp\/v2\/types\/page"}],"author":[{"embeddable":true,"href":"http:\/\/www.mehmetgeyik.com\/index.php\/wp-json\/wp\/v2\/users\/2"}],"replies":[{"embeddable":true,"href":"http:\/\/www.mehmetgeyik.com\/index.php\/wp-json\/wp\/v2\/comments?post=76"}],"version-history":[{"count":0,"href":"http:\/\/www.mehmetgeyik.com\/index.php\/wp-json\/wp\/v2\/pages\/76\/revisions"}],"wp:attachment":[{"href":"http:\/\/www.mehmetgeyik.com\/index.php\/wp-json\/wp\/v2\/media?parent=76"}],"curies":[{"name":"wp","href":"https:\/\/api.w.org\/{rel}","templated":true}]}}