{"id":66,"date":"2020-09-24T13:23:29","date_gmt":"2020-09-24T13:23:29","guid":{"rendered":"https:\/\/bslthemes.com\/arter-demo\/?page_id=66"},"modified":"2024-01-28T12:42:55","modified_gmt":"2024-01-28T12:42:55","slug":"history","status":"publish","type":"page","link":"http:\/\/www.mehmetgeyik.com\/index.php\/history\/","title":{"rendered":"History"},"content":{"rendered":"\t\t<div data-elementor-type=\"wp-page\" data-elementor-id=\"66\" class=\"elementor elementor-66\">\n\t\t\t\t\t\t<section class=\"elementor-section elementor-top-section elementor-element elementor-element-4b63ded elementor-section-full_width elementor-section-height-default elementor-section-height-default\" data-id=\"4b63ded\" data-element_type=\"section\">\n\t\t\t\t\t\t<div class=\"elementor-container elementor-column-gap-extended\">\n\t\t\t\t\t<div class=\"elementor-column elementor-col-50 elementor-top-column elementor-element elementor-element-011cd33\" data-id=\"011cd33\" data-element_type=\"column\">\n\t\t\t<div class=\"elementor-widget-wrap elementor-element-populated\">\n\t\t\t\t\t\t<div class=\"elementor-element elementor-element-a8e28e0 elementor-widget elementor-widget-arter-resume\" data-id=\"a8e28e0\" data-element_type=\"widget\" data-widget_type=\"arter-resume.default\">\n\t\t\t\t<div class=\"elementor-widget-container\">\n\t\t\t\t\t\n\t\t\t    <!-- section title -->\n\t    <div class=\"art-section-title\">\n\t      <!-- title frame -->\n\t      <div class=\"art-title-frame\">\n\t        <!-- title -->\n\t        <h4 class=\"art-title-h\">\n\t    \t<span >\n\t          \tE\u011fitim\t         <\/span>\n\t    \t<\/h4>\n\t      <\/div>\n\t      <!-- title frame end -->\n\t    <\/div>\n\t    <!-- section title end -->\n\t  \t\n        <!-- timeline -->\n        <div class=\"art-timeline art-gallery\">\n                              <div class=\"art-timeline-item\">\n            <div class=\"art-timeline-mark-light\"><\/div>\n            <div class=\"art-timeline-mark\"><\/div>\n\n            <div class=\"art-a art-timeline-content\">\n              <div class=\"art-card-header\">\n                <div class=\"art-left-side\">\n                                    <h5>\n                  \t<span >\n\t\t        \t\t\u0130n\u00f6n\u00fc \u00dcniversitesi\t\t        \t<\/span>\n                  <\/h5>\n                                                      <div class=\"art-el-suptitle mb-15\">\n                  \t<span >\n\t\t        \t\tBilgisayar M\u00fchendisli\u011fi\t\t        \t<\/span>\n                  <\/div>\n                                  <\/div>\n                <div class=\"art-right-side\">\n                                    <span class=\"art-date\">\n                  \t<span >\n\t\t        \t\tEyl\u00fcl 2015 - Haziran 2021\t\t        \t<\/span>\n                  <\/span>\n                                  <\/div>\n              <\/div>\n                            <div class=\"art-el-description\">\n              \t<div >\n\t        \t\t<p>Bilgisayar M\u00fchendisli\u011fi Lisans program\u0131ndan 2,91 not ortalamas\u0131yla mezun oldum.<\/p>\t        \t<\/div>\n\t          <\/div>\n                                                        <a  data-elementor-lightbox-slideshow=\"reviews\" data-no-swup href=\"https:\/\/bslthemes.com\/arter-demo\/wp-content\/uploads\/2020\/09\/certificate.jpg\" class=\"art-link art-color-link art-w-chevron\">\n                                                        \t<span >\n\t        \t\tDiplome\t        \t<\/span>\n              <\/a>\n                          <\/div>\n\n                      <\/div>\n                    <div class=\"art-timeline-item\">\n            <div class=\"art-timeline-mark-light\"><\/div>\n            <div class=\"art-timeline-mark\"><\/div>\n\n            <div class=\"art-a art-timeline-content\">\n              <div class=\"art-card-header\">\n                <div class=\"art-left-side\">\n                                    <h5>\n                  \t<span >\n\t\t        \t\tAnadolu \u00dcniversitesi\t\t        \t<\/span>\n                  <\/h5>\n                                                      <div class=\"art-el-suptitle mb-15\">\n                  \t<span >\n\t\t        \t\t\u0130\u015fletme\t\t        \t<\/span>\n                  <\/div>\n                                  <\/div>\n                <div class=\"art-right-side\">\n                                    <span class=\"art-date\">\n                  \t<span >\n\t\t        \t\tEyl\u00fcl 2017- Ocak 2021\t\t        \t<\/span>\n                  <\/span>\n                                  <\/div>\n              <\/div>\n                            <div class=\"art-el-description\">\n              \t<div >\n\t        \t\t<p>Lisans program\u0131ndan 2,92 not ortalamas\u0131 ile mezun oldum.<\/p>\t        \t<\/div>\n\t          <\/div>\n                                                        <a  data-elementor-lightbox-slideshow=\"reviews\" data-no-swup href=\"http:\/\/www.mehmetgeyik.com\/wp-content\/uploads\/2024\/01\/anadoluunionur.png\" class=\"art-link art-color-link art-w-chevron\">\n                                                        \t<span >\n\t        \t\tBELGE\t        \t<\/span>\n              <\/a>\n                          <\/div>\n\n                      <\/div>\n                    <div class=\"art-timeline-item\">\n            <div class=\"art-timeline-mark-light\"><\/div>\n            <div class=\"art-timeline-mark\"><\/div>\n\n            <div class=\"art-a art-timeline-content\">\n              <div class=\"art-card-header\">\n                <div class=\"art-left-side\">\n                                    <h5>\n                  \t<span >\n\t\t        \t\tSemiha \u015eakir Anadolu Lisesi\t\t        \t<\/span>\n                  <\/h5>\n                                                      <div class=\"art-el-suptitle mb-15\">\n                  \t<span >\n\t\t        \t\tFen Bilimleri\t\t        \t<\/span>\n                  <\/div>\n                                  <\/div>\n                <div class=\"art-right-side\">\n                                    <span class=\"art-date\">\n                  \t<span >\n\t\t        \t\tEyl\u00fcl 2011 - Haziran  2015\t\t        \t<\/span>\n                  <\/span>\n                                  <\/div>\n              <\/div>\n                            <div class=\"art-el-description\">\n              \t<div >\n\t        \t\t<p>Fen bilimleri \u00fczerine matematik ve fizik a\u011f\u0131rl\u0131kl\u0131 temel lise e\u011fitimi ald\u0131m.<\/p>\t        \t<\/div>\n\t          <\/div>\n                                                        <a  data-elementor-lightbox-slideshow=\"reviews\" data-no-swup href=\"https:\/\/bslthemes.com\/arter-demo\/wp-content\/uploads\/2020\/09\/certificate.jpg\" class=\"art-link art-color-link art-w-chevron\">\n                                                        \t<span >\n\t        \t\tLicence\t        \t<\/span>\n              <\/a>\n                          <\/div>\n\n                      <\/div>\n                    <div class=\"art-timeline-item\">\n            <div class=\"art-timeline-mark-light\"><\/div>\n            <div class=\"art-timeline-mark\"><\/div>\n\n            <div class=\"art-a art-timeline-content\">\n              <div class=\"art-card-header\">\n                <div class=\"art-left-side\">\n                                    <h5>\n                  \t<span >\n\t\t        \t\tAcademy of Art University\t\t        \t<\/span>\n                  <\/h5>\n                                                      <div class=\"art-el-suptitle mb-15\">\n                  \t<span >\n\t\t        \t\tStudent\t\t        \t<\/span>\n                  <\/div>\n                                  <\/div>\n                <div class=\"art-right-side\">\n                                    <span class=\"art-date\">\n                  \t<span >\n\t\t        \t\tjan 2018 - may 2020\t\t        \t<\/span>\n                  <\/span>\n                                  <\/div>\n              <\/div>\n                            <div class=\"art-el-description\">\n              \t<div >\n\t        \t\t<p>Ipsum dolor sit amet, consectetur adipisicing elit. Iusto, optio, dolorum provident rerum.<\/p>\t        \t<\/div>\n\t          <\/div>\n                                                        <a  data-elementor-lightbox-slideshow=\"reviews\" data-no-swup href=\"https:\/\/bslthemes.com\/arter-demo\/wp-content\/uploads\/2020\/09\/certificate.jpg\" class=\"art-link art-color-link art-w-chevron\">\n                                                        \t<span >\n\t        \t\tCertificate\t        \t<\/span>\n              <\/a>\n                          <\/div>\n\n                      <\/div>\n                            <\/div>\n        <!-- timeline end -->\n\n\t\t\t\t\t\t<\/div>\n\t\t\t\t<\/div>\n\t\t\t\t\t<\/div>\n\t\t<\/div>\n\t\t\t\t<div class=\"elementor-column elementor-col-50 elementor-top-column elementor-element elementor-element-c072903\" data-id=\"c072903\" data-element_type=\"column\">\n\t\t\t<div class=\"elementor-widget-wrap elementor-element-populated\">\n\t\t\t\t\t\t<div class=\"elementor-element elementor-element-ad9f539 elementor-widget elementor-widget-arter-resume\" data-id=\"ad9f539\" data-element_type=\"widget\" data-widget_type=\"arter-resume.default\">\n\t\t\t\t<div class=\"elementor-widget-container\">\n\t\t\t\t\t\n\t\t\t    <!-- section title -->\n\t    <div class=\"art-section-title\">\n\t      <!-- title frame -->\n\t      <div class=\"art-title-frame\">\n\t        <!-- title -->\n\t        <h4 class=\"art-title-h\">\n\t    \t<span >\n\t          \tWork History\t         <\/span>\n\t    \t<\/h4>\n\t      <\/div>\n\t      <!-- title frame end -->\n\t    <\/div>\n\t    <!-- section title end -->\n\t  \t\n        <!-- timeline -->\n        <div class=\"art-timeline art-gallery\">\n                              <div class=\"art-timeline-item\">\n            <div class=\"art-timeline-mark-light\"><\/div>\n            <div class=\"art-timeline-mark\"><\/div>\n\n            <div class=\"art-a art-timeline-content\">\n              <div class=\"art-card-header\">\n                <div class=\"art-left-side\">\n                                    <h5>\n                  \t<span >\n\t\t        \t\tEnvato\t\t        \t<\/span>\n                  <\/h5>\n                                                      <div class=\"art-el-suptitle mb-15\">\n                  \t<span >\n\t\t        \t\tTemplate Author\t\t        \t<\/span>\n                  <\/div>\n                                  <\/div>\n                <div class=\"art-right-side\">\n                                    <span class=\"art-date\">\n                  \t<span >\n\t\t        \t\tjan 2018 - may 2020\t\t        \t<\/span>\n                  <\/span>\n                                  <\/div>\n              <\/div>\n                            <div class=\"art-el-description\">\n              \t<div >\n\t        \t\tCreated Professional\nWordPress Themes &amp; Templates for Personal and Creative Websites.\t        \t<\/div>\n\t          <\/div>\n                                        <\/div>\n\n                      <\/div>\n                    <div class=\"art-timeline-item\">\n            <div class=\"art-timeline-mark-light\"><\/div>\n            <div class=\"art-timeline-mark\"><\/div>\n\n            <div class=\"art-a art-timeline-content\">\n              <div class=\"art-card-header\">\n                <div class=\"art-left-side\">\n                                    <h5>\n                  \t<span >\n\t\t        \t\tABC Studio\t\t        \t<\/span>\n                  <\/h5>\n                                                      <div class=\"art-el-suptitle mb-15\">\n                  \t<span >\n\t\t        \t\tFront-End Developer\t\t        \t<\/span>\n                  <\/div>\n                                  <\/div>\n                <div class=\"art-right-side\">\n                                    <span class=\"art-date\">\n                  \t<span >\n\t\t        \t\tapr 2018 - aug 2019\t\t        \t<\/span>\n                  <\/span>\n                                  <\/div>\n              <\/div>\n                            <div class=\"art-el-description\">\n              \t<div >\n\t        \t\t<p>Collaborate with creative and development teams on the execution of ideas.<\/p>\t        \t<\/div>\n\t          <\/div>\n                                                                                    <a data-magnific-inline data-no-swup href=\"#art-recomendation-popup-1791189177\" class=\"art-link art-color-link art-w-chevron\">\n                            \t<span >\n\t        \t\tRecommendation\t        \t<\/span>\n              <\/a>\n                          <\/div>\n\n                        <!-- popup -->\n            <div class=\"art-recomendation-popup mfp-hide mfp-with-anim\" id=\"art-recomendation-popup-1791189177\">\n              <!-- testimonial -->\n              <div class=\"art-a art-testimonial\">\n                <!-- testimonial body -->\n                <div class=\"testimonial-body\">\n                                    <!-- photo -->\n                  <img decoding=\"async\" class=\"art-testimonial-face\" src=\"http:\/\/www.mehmetgeyik.com\/wp-content\/uploads\/2020\/09\/testimonial-3-140x140.jpg\" alt=\"Paul Trueman\">\n                                                      <!-- name -->\n                  <h5>Paul Trueman<\/h5>\n                                                      <div class=\"art-el-suptitle mb-15\">Creative Director<\/div>\n                                                      <!-- text -->\n                  <div class=\"mb-15\">\n                  \t<p>Working with Artur has been a pleasure. Better yet - I alerted them of a minor issue before going to sleep. The issue was fixed the next morning. I couldn't ask for better support. Thank you Artur! This is easily a 5 star freelancer.<\/p>                  <\/div>\n                                  <\/div>\n                <!-- testimonial body end -->\n                <!-- testimonial footer -->\n                <div class=\"art-testimonial-footer\">\n                  <div class=\"art-left-side\">\n                  \t                    <!-- star rate -->\n                    <ul class=\"art-star-rate\">\n                      \t                  \t                  <li><i class=\"fas fa-star\"><\/i><\/li>\n\t                  \t                  \t                  \t                  <li><i class=\"fas fa-star\"><\/i><\/li>\n\t                  \t                  \t                  \t                  <li><i class=\"fas fa-star\"><\/i><\/li>\n\t                  \t                  \t                  \t                  <li><i class=\"fas fa-star\"><\/i><\/li>\n\t                  \t                  \t                  \t                  <li><i class=\"fas fa-star\"><\/i><\/li>\n\t                  \t                                      <\/ul>\n                    <!-- star rate end -->\n                                      <\/div>\n                  <div class=\"art-right-side\">\n\n                  <\/div>\n                <\/div>\n                <!-- testimonial footer end -->\n              <\/div>\n              <!-- testimonial end -->\n\n            <\/div>\n            <!-- popup end -->\n                      <\/div>\n                    <div class=\"art-timeline-item\">\n            <div class=\"art-timeline-mark-light\"><\/div>\n            <div class=\"art-timeline-mark\"><\/div>\n\n            <div class=\"art-a art-timeline-content\">\n              <div class=\"art-card-header\">\n                <div class=\"art-left-side\">\n                                    <h5>\n                  \t<span >\n\t\t        \t\tDigital Web Studio\t\t        \t<\/span>\n                  <\/h5>\n                                                      <div class=\"art-el-suptitle mb-15\">\n                  \t<span >\n\t\t        \t\tSenior Developer\t\t        \t<\/span>\n                  <\/div>\n                                  <\/div>\n                <div class=\"art-right-side\">\n                                    <span class=\"art-date\">\n                  \t<span >\n\t\t        \t\tjan 2017 - may 2018\t\t        \t<\/span>\n                  <\/span>\n                                  <\/div>\n              <\/div>\n                            <div class=\"art-el-description\">\n              \t<div >\n\t        \t\t<p>Optimize your website and apps performance using latest technology.<\/p>\t        \t<\/div>\n\t          <\/div>\n                                                                                    <a data-magnific-inline data-no-swup href=\"#art-recomendation-popup-97357497\" class=\"art-link art-color-link art-w-chevron\">\n                            \t<span >\n\t        \t\tRecommendation\t        \t<\/span>\n              <\/a>\n                          <\/div>\n\n                        <!-- popup -->\n            <div class=\"art-recomendation-popup mfp-hide mfp-with-anim\" id=\"art-recomendation-popup-97357497\">\n              <!-- testimonial -->\n              <div class=\"art-a art-testimonial\">\n                <!-- testimonial body -->\n                <div class=\"testimonial-body\">\n                                    <!-- photo -->\n                  <img decoding=\"async\" class=\"art-testimonial-face\" src=\"http:\/\/www.mehmetgeyik.com\/wp-content\/uploads\/2020\/09\/testimonial-2-140x140.jpg\" alt=\"Natalya Dorris\">\n                                                      <!-- name -->\n                  <h5>Natalya Dorris<\/h5>\n                                                      <div class=\"art-el-suptitle mb-15\">SEO<\/div>\n                                                      <!-- text -->\n                  <div class=\"mb-15\">\n                  \t<p>Working with Artur has been a pleasure. Better yet - I alerted them of a minor issue before going to sleep. The issue was fixed the next morning. I couldn't ask for better support. Thank you Artur! This is easily a 5 star freelancer.<\/p>                  <\/div>\n                                  <\/div>\n                <!-- testimonial body end -->\n                <!-- testimonial footer -->\n                <div class=\"art-testimonial-footer\">\n                  <div class=\"art-left-side\">\n                  \t                    <!-- star rate -->\n                    <ul class=\"art-star-rate\">\n                      \t                  \t                  <li><i class=\"fas fa-star\"><\/i><\/li>\n\t                  \t                  \t                  \t                  <li><i class=\"fas fa-star\"><\/i><\/li>\n\t                  \t                  \t                  \t                  <li><i class=\"fas fa-star\"><\/i><\/li>\n\t                  \t                  \t                  \t                  <li><i class=\"fas fa-star\"><\/i><\/li>\n\t                  \t                  \t                  \t                  <li><i class=\"fas fa-star\"><\/i><\/li>\n\t                  \t                                      <\/ul>\n                    <!-- star rate end -->\n                                      <\/div>\n                  <div class=\"art-right-side\">\n\n                  <\/div>\n                <\/div>\n                <!-- testimonial footer end -->\n              <\/div>\n              <!-- testimonial end -->\n\n            <\/div>\n            <!-- popup end -->\n                      <\/div>\n                    <div class=\"art-timeline-item\">\n            <div class=\"art-timeline-mark-light\"><\/div>\n            <div class=\"art-timeline-mark\"><\/div>\n\n            <div class=\"art-a art-timeline-content\">\n              <div class=\"art-card-header\">\n                <div class=\"art-left-side\">\n                                    <h5>\n                  \t<span >\n\t\t        \t\tSoftService company\t\t        \t<\/span>\n                  <\/h5>\n                                                      <div class=\"art-el-suptitle mb-15\">\n                  \t<span >\n\t\t        \t\tUI Developer\t\t        \t<\/span>\n                  <\/div>\n                                  <\/div>\n                <div class=\"art-right-side\">\n                                    <span class=\"art-date\">\n                  \t<span >\n\t\t        \t\tdec 2015 - jan 2016\t\t        \t<\/span>\n                  <\/span>\n                                  <\/div>\n              <\/div>\n                            <div class=\"art-el-description\">\n              \t<div >\n\t        \t\t<p>Collaborate with creative and development teams on the execution of ideas.<\/p>\t        \t<\/div>\n\t          <\/div>\n                                        <\/div>\n\n                      <\/div>\n                            <\/div>\n        <!-- timeline end -->\n\n\t\t\t\t\t\t<\/div>\n\t\t\t\t<\/div>\n\t\t\t\t\t<\/div>\n\t\t<\/div>\n\t\t\t\t\t<\/div>\n\t\t<\/section>\n\t\t\t\t<\/div>\n\t\t","protected":false},"excerpt":{"rendered":"<p>E\u011fitim \u0130n\u00f6n\u00fc \u00dcniversitesi Bilgisayar M\u00fchendisli\u011fi Eyl\u00fcl 2015 &#8211; Haziran 2021 Bilgisayar M\u00fchendisli\u011fi Lisans program\u0131ndan 2,91 not ortalamas\u0131yla mezun oldum. Diplome&#8230; <\/p>\n<div class=\"art-el-more\"><a href=\"http:\/\/www.mehmetgeyik.com\/index.php\/history\/\" class=\"art-link art-color-link art-w-chevron\">Read more<\/a><\/div>\n","protected":false},"author":2,"featured_media":0,"parent":0,"menu_order":0,"comment_status":"closed","ping_status":"closed","template":"template-layout-builder.php","meta":{"footnotes":""},"class_list":["post-66","page","type-page","status-publish","hentry"],"_links":{"self":[{"href":"http:\/\/www.mehmetgeyik.com\/index.php\/wp-json\/wp\/v2\/pages\/66","targetHints":{"allow":["GET"]}}],"collection":[{"href":"http:\/\/www.mehmetgeyik.com\/index.php\/wp-json\/wp\/v2\/pages"}],"about":[{"href":"http:\/\/www.mehmetgeyik.com\/index.php\/wp-json\/wp\/v2\/types\/page"}],"author":[{"embeddable":true,"href":"http:\/\/www.mehmetgeyik.com\/index.php\/wp-json\/wp\/v2\/users\/2"}],"replies":[{"embeddable":true,"href":"http:\/\/www.mehmetgeyik.com\/index.php\/wp-json\/wp\/v2\/comments?post=66"}],"version-history":[{"count":0,"href":"http:\/\/www.mehmetgeyik.com\/index.php\/wp-json\/wp\/v2\/pages\/66\/revisions"}],"wp:attachment":[{"href":"http:\/\/www.mehmetgeyik.com\/index.php\/wp-json\/wp\/v2\/media?parent=66"}],"curies":[{"name":"wp","href":"https:\/\/api.w.org\/{rel}","templated":true}]}}